{"id":1061,"date":"2025-03-06T13:06:27","date_gmt":"2025-03-06T13:06:27","guid":{"rendered":"https:\/\/newdimension-realestate.com\/?page_id=1061"},"modified":"2025-03-17T09:50:43","modified_gmt":"2025-03-17T09:50:43","slug":"imprint","status":"publish","type":"page","link":"https:\/\/newdimension-realestate.com\/en\/imprint\/","title":{"rendered":"Imprint"},"content":{"rendered":"<div data-elementor-type=\"wp-page\" data-elementor-id=\"1061\" class=\"elementor elementor-1061\" data-elementor-post-type=\"page\">\n\t\t\t\t<div class=\"elementor-element elementor-element-59b009d e-con-full e-flex e-con e-parent\" data-id=\"59b009d\" data-element_type=\"container\">\n\t\t<div class=\"elementor-element elementor-element-9d76820 e-flex e-con-boxed e-con e-child\" data-id=\"9d76820\" data-element_type=\"container\">\n\t\t\t\t\t<div class=\"e-con-inner\">\n\t\t\t\t<div class=\"elementor-element elementor-element-e3dfba3 elementor-invisible elementor-widget elementor-widget-heading\" data-id=\"e3dfba3\" data-element_type=\"widget\" data-settings=\"{&quot;_animation&quot;:&quot;fadeInUp&quot;}\" data-widget_type=\"heading.default\">\n\t\t\t\t<div class=\"elementor-widget-container\">\n\t\t\t\t\t<h1 class=\"elementor-heading-title elementor-size-default\">Imprint<\/h1>\t\t\t\t<\/div>\n\t\t\t\t<\/div>\n\t\t\t\t<div class=\"elementor-element elementor-element-bcd9219 elementor-invisible elementor-widget elementor-widget-text-editor\" data-id=\"bcd9219\" data-element_type=\"widget\" data-settings=\"{&quot;_animation&quot;:&quot;fadeInUp&quot;}\" data-widget_type=\"text-editor.default\">\n\t\t\t\t<div class=\"elementor-widget-container\">\n\t\t\t\t\t\t\t\t\t<p>New Dimension Real Estate GmbH<br>Basler Street 3 <br>61352 Bad Homburg v.d. H\u00f6he<\/p>\n<p>Phone: <a href=\"tel: +491774821945\">+49 (0) 177 4821945<\/a> <br>Email: <a class=\"linkified\" href=\"mailto:info@newdimension-realestate.com\">info@newdimension-realestate.com<\/a> <br>Website: <a class=\"linkified\" href=\"https:\/\/newdimension-realestate.com\/en\/\" target=\"_blank\" rel=\"noopener\">www.newdimension-realestate.com<\/a><\/p>\n<p>Commercial register: Bad Homburg v.d.H\u00f6he Local Court <br>Commercial register number: HRB 16224<\/p>\n<p>Managing Director: Tatjana Sadoja <\/p>\n<p>Permission according to \u00a734c of the trade regulations granted by the Hochtaunuskreis- Kreisauschuss Bad Homburg v.d.H\u00f6he<\/p>\n<p>Responsible supervisory authority Hochtaunuskreis- Der Kreisausschuss Ludwig-Erhard-Anlage 1-5, 61352 Bad Homburg vor der H\u00f6he<\/p>\n<p>Sales tax ID: DE363406477 <\/p>\n<p>Consumer information Online dispute resolution according to Art.14 para.1 ODR-VO: <br>The European Commission provides a platform for online dispute resolution (OS), which you can find here: <a class=\"linkified\" href=\"http:\/\/ec.europa.eu\/consumers\/odr\" target=\"_blank\" rel=\"noopener\">http:\/\/ec.europa.eu\/consumers\/odr<\/a><\/p>\t\t\t\t\t\t\t\t<\/div>\n\t\t\t\t<\/div>\n\t\t\t\t\t<\/div>\n\t\t\t\t<\/div>\n\t\t\t\t<\/div>\n\t\t\t\t<\/div>","protected":false},"excerpt":{"rendered":"<p>Impressum New Dimension Real Estate GmbHBasler Stra\u00dfe 3 61352 Bad Homburg v.d. H\u00f6he Telefon: +49 (0) 177 4821945 Email: info@newdimension-realestate.com Webseite: www.newdimension-realestate.com Handelsregister: Amtsgericht Bad Homburg v.d.H\u00f6he Handelsregisternummer: HRB 16224 Gesch\u00e4ftsf\u00fchrerin: Tatjana Sadoja Erlaubnis nach \u00a734c der Gewerbeordnung erteilt durch den Hochtaunuskreis- Kreisauschuss Bad Homburg v.d. H\u00f6he Zust\u00e4ndige Aufsichtsbeh\u00f6rde Hochtaunuskreis- Der Kreisausschuss Ludwig-Erhard-Anlage 1-5, 61352 [&hellip;]<\/p>","protected":false},"author":1,"featured_media":0,"parent":0,"menu_order":0,"comment_status":"closed","ping_status":"open","template":"elementor_header_footer","meta":{"_acf_changed":false,"footnotes":""},"class_list":["post-1061","page","type-page","status-publish","hentry"],"acf":[],"yoast_head":"<!-- This site is optimized with the Yoast SEO plugin v26.8 - https:\/\/yoast.com\/product\/yoast-seo-wordpress\/ -->\n<title>Impressum - NewDimensionRealEstate<\/title>\n<meta name=\"robots\" content=\"index, follow, max-snippet:-1, max-image-preview:large, max-video-preview:-1\" \/>\n<link rel=\"canonical\" href=\"https:\/\/newdimension-realestate.com\/en\/imprint\/\" \/>\n<meta property=\"og:locale\" content=\"en_US\" \/>\n<meta property=\"og:type\" content=\"article\" \/>\n<meta property=\"og:title\" content=\"Impressum - NewDimensionRealEstate\" \/>\n<meta property=\"og:description\" content=\"Impressum New Dimension Real Estate GmbHBasler Stra\u00dfe 3 61352 Bad Homburg v.d. H\u00f6he Telefon: +49 (0) 177 4821945 Email: info@newdimension-realestate.com Webseite: www.newdimension-realestate.com Handelsregister: Amtsgericht Bad Homburg v.d.H\u00f6he Handelsregisternummer: HRB 16224 Gesch\u00e4ftsf\u00fchrerin: Tatjana Sadoja Erlaubnis nach \u00a734c der Gewerbeordnung erteilt durch den Hochtaunuskreis- Kreisauschuss Bad Homburg v.d. H\u00f6he Zust\u00e4ndige Aufsichtsbeh\u00f6rde Hochtaunuskreis- Der Kreisausschuss Ludwig-Erhard-Anlage 1-5, 61352 [&hellip;]\" \/>\n<meta property=\"og:url\" content=\"https:\/\/newdimension-realestate.com\/en\/imprint\/\" \/>\n<meta property=\"og:site_name\" content=\"NewDimensionRealEstate\" \/>\n<meta property=\"article:modified_time\" content=\"2025-03-17T09:50:43+00:00\" \/>\n<meta name=\"twitter:card\" content=\"summary_large_image\" \/>\n<script type=\"application\/ld+json\" class=\"yoast-schema-graph\">{\"@context\":\"https:\/\/schema.org\",\"@graph\":[{\"@type\":\"WebPage\",\"@id\":\"https:\/\/newdimension-realestate.com\/impressum\/\",\"url\":\"https:\/\/newdimension-realestate.com\/impressum\/\",\"name\":\"Impressum - NewDimensionRealEstate\",\"isPartOf\":{\"@id\":\"https:\/\/newdimension-realestate.com\/#website\"},\"datePublished\":\"2025-03-06T13:06:27+00:00\",\"dateModified\":\"2025-03-17T09:50:43+00:00\",\"breadcrumb\":{\"@id\":\"https:\/\/newdimension-realestate.com\/impressum\/#breadcrumb\"},\"inLanguage\":\"en-US\",\"potentialAction\":[{\"@type\":\"ReadAction\",\"target\":[\"https:\/\/newdimension-realestate.com\/impressum\/\"]}]},{\"@type\":\"BreadcrumbList\",\"@id\":\"https:\/\/newdimension-realestate.com\/impressum\/#breadcrumb\",\"itemListElement\":[{\"@type\":\"ListItem\",\"position\":1,\"name\":\"Startseite\",\"item\":\"https:\/\/newdimension-realestate.com\/\"},{\"@type\":\"ListItem\",\"position\":2,\"name\":\"Impressum\"}]},{\"@type\":\"WebSite\",\"@id\":\"https:\/\/newdimension-realestate.com\/#website\",\"url\":\"https:\/\/newdimension-realestate.com\/\",\"name\":\"NewDimensionRealEstate\",\"description\":\"\",\"publisher\":{\"@id\":\"https:\/\/newdimension-realestate.com\/#organization\"},\"potentialAction\":[{\"@type\":\"SearchAction\",\"target\":{\"@type\":\"EntryPoint\",\"urlTemplate\":\"https:\/\/newdimension-realestate.com\/?s={search_term_string}\"},\"query-input\":{\"@type\":\"PropertyValueSpecification\",\"valueRequired\":true,\"valueName\":\"search_term_string\"}}],\"inLanguage\":\"en-US\"},{\"@type\":\"Organization\",\"@id\":\"https:\/\/newdimension-realestate.com\/#organization\",\"name\":\"NewDimensionRealEstate\",\"url\":\"https:\/\/newdimension-realestate.com\/\",\"logo\":{\"@type\":\"ImageObject\",\"inLanguage\":\"en-US\",\"@id\":\"https:\/\/newdimension-realestate.com\/#\/schema\/logo\/image\/\",\"url\":\"https:\/\/newdimension-realestate.com\/wp-content\/uploads\/2025\/02\/Logo-NewDimensionRealEstate.webp\",\"contentUrl\":\"https:\/\/newdimension-realestate.com\/wp-content\/uploads\/2025\/02\/Logo-NewDimensionRealEstate.webp\",\"width\":1836,\"height\":290,\"caption\":\"NewDimensionRealEstate\"},\"image\":{\"@id\":\"https:\/\/newdimension-realestate.com\/#\/schema\/logo\/image\/\"}}]}<\/script>\n<!-- \/ Yoast SEO plugin. -->","yoast_head_json":{"title":"Imprint - NewDimensionRealEstate","robots":{"index":"index","follow":"follow","max-snippet":"max-snippet:-1","max-image-preview":"max-image-preview:large","max-video-preview":"max-video-preview:-1"},"canonical":"https:\/\/newdimension-realestate.com\/en\/imprint\/","og_locale":"en_US","og_type":"article","og_title":"Impressum - NewDimensionRealEstate","og_description":"Impressum New Dimension Real Estate GmbHBasler Stra\u00dfe 3 61352 Bad Homburg v.d. H\u00f6he Telefon: +49 (0) 177 4821945 Email: info@newdimension-realestate.com Webseite: www.newdimension-realestate.com Handelsregister: Amtsgericht Bad Homburg v.d.H\u00f6he Handelsregisternummer: HRB 16224 Gesch\u00e4ftsf\u00fchrerin: Tatjana Sadoja Erlaubnis nach \u00a734c der Gewerbeordnung erteilt durch den Hochtaunuskreis- Kreisauschuss Bad Homburg v.d. H\u00f6he Zust\u00e4ndige Aufsichtsbeh\u00f6rde Hochtaunuskreis- Der Kreisausschuss Ludwig-Erhard-Anlage 1-5, 61352 [&hellip;]","og_url":"https:\/\/newdimension-realestate.com\/en\/imprint\/","og_site_name":"NewDimensionRealEstate","article_modified_time":"2025-03-17T09:50:43+00:00","twitter_card":"summary_large_image","schema":{"@context":"https:\/\/schema.org","@graph":[{"@type":"WebPage","@id":"https:\/\/newdimension-realestate.com\/impressum\/","url":"https:\/\/newdimension-realestate.com\/impressum\/","name":"Imprint - NewDimensionRealEstate","isPartOf":{"@id":"https:\/\/newdimension-realestate.com\/#website"},"datePublished":"2025-03-06T13:06:27+00:00","dateModified":"2025-03-17T09:50:43+00:00","breadcrumb":{"@id":"https:\/\/newdimension-realestate.com\/impressum\/#breadcrumb"},"inLanguage":"en-US","potentialAction":[{"@type":"ReadAction","target":["https:\/\/newdimension-realestate.com\/impressum\/"]}]},{"@type":"BreadcrumbList","@id":"https:\/\/newdimension-realestate.com\/impressum\/#breadcrumb","itemListElement":[{"@type":"ListItem","position":1,"name":"Startseite","item":"https:\/\/newdimension-realestate.com\/"},{"@type":"ListItem","position":2,"name":"Impressum"}]},{"@type":"WebSite","@id":"https:\/\/newdimension-realestate.com\/#website","url":"https:\/\/newdimension-realestate.com\/","name":"NewDimensionRealEstate","description":"","publisher":{"@id":"https:\/\/newdimension-realestate.com\/#organization"},"potentialAction":[{"@type":"SearchAction","target":{"@type":"EntryPoint","urlTemplate":"https:\/\/newdimension-realestate.com\/?s={search_term_string}"},"query-input":{"@type":"PropertyValueSpecification","valueRequired":true,"valueName":"search_term_string"}}],"inLanguage":"en-US"},{"@type":"Organization","@id":"https:\/\/newdimension-realestate.com\/#organization","name":"NewDimensionRealEstate","url":"https:\/\/newdimension-realestate.com\/","logo":{"@type":"ImageObject","inLanguage":"en-US","@id":"https:\/\/newdimension-realestate.com\/#\/schema\/logo\/image\/","url":"https:\/\/newdimension-realestate.com\/wp-content\/uploads\/2025\/02\/Logo-NewDimensionRealEstate.webp","contentUrl":"https:\/\/newdimension-realestate.com\/wp-content\/uploads\/2025\/02\/Logo-NewDimensionRealEstate.webp","width":1836,"height":290,"caption":"NewDimensionRealEstate"},"image":{"@id":"https:\/\/newdimension-realestate.com\/#\/schema\/logo\/image\/"}}]}},"_links":{"self":[{"href":"https:\/\/newdimension-realestate.com\/en\/wp-json\/wp\/v2\/pages\/1061","targetHints":{"allow":["GET"]}}],"collection":[{"href":"https:\/\/newdimension-realestate.com\/en\/wp-json\/wp\/v2\/pages"}],"about":[{"href":"https:\/\/newdimension-realestate.com\/en\/wp-json\/wp\/v2\/types\/page"}],"author":[{"embeddable":true,"href":"https:\/\/newdimension-realestate.com\/en\/wp-json\/wp\/v2\/users\/1"}],"replies":[{"embeddable":true,"href":"https:\/\/newdimension-realestate.com\/en\/wp-json\/wp\/v2\/comments?post=1061"}],"version-history":[{"count":25,"href":"https:\/\/newdimension-realestate.com\/en\/wp-json\/wp\/v2\/pages\/1061\/revisions"}],"predecessor-version":[{"id":6615,"href":"https:\/\/newdimension-realestate.com\/en\/wp-json\/wp\/v2\/pages\/1061\/revisions\/6615"}],"wp:attachment":[{"href":"https:\/\/newdimension-realestate.com\/en\/wp-json\/wp\/v2\/media?parent=1061"}],"curies":[{"name":"wp","href":"https:\/\/api.w.org\/{rel}","templated":true}]}}