{"id":180,"date":"2025-02-26T11:03:54","date_gmt":"2025-02-26T11:03:54","guid":{"rendered":"https:\/\/newdimension-realestate.com\/?page_id=180"},"modified":"2026-02-01T22:00:32","modified_gmt":"2026-02-01T22:00:32","slug":"%d8%a7%d8%aa%d8%b5%d8%a7%d9%84","status":"publish","type":"page","link":"https:\/\/newdimension-realestate.com\/ar\/%d8%a7%d8%aa%d8%b5%d8%a7%d9%84\/","title":{"rendered":"\u0627\u062a\u0635\u0627\u0644"},"content":{"rendered":"<div data-elementor-type=\"wp-page\" data-elementor-id=\"180\" class=\"elementor elementor-180\" data-elementor-post-type=\"page\">\n\t\t\t\t<div class=\"elementor-element elementor-element-398b52d2 e-con-full e-flex e-con e-parent\" data-id=\"398b52d2\" data-element_type=\"container\" data-settings=\"{&quot;background_background&quot;:&quot;classic&quot;}\">\n\t\t<div class=\"elementor-element elementor-element-23a9dc88 e-flex e-con-boxed e-con e-child\" data-id=\"23a9dc88\" data-element_type=\"container\" data-settings=\"{&quot;background_background&quot;:&quot;classic&quot;}\">\n\t\t\t\t\t<div class=\"e-con-inner\">\n\t\t<div class=\"elementor-element elementor-element-70fdd6cc e-con-full e-flex e-con e-child\" data-id=\"70fdd6cc\" data-element_type=\"container\">\n\t\t\t\t<div class=\"elementor-element elementor-element-13014a5 elementor-widget elementor-widget-html\" data-id=\"13014a5\" data-element_type=\"widget\" data-widget_type=\"html.default\">\n\t\t\t\t<div class=\"elementor-widget-container\">\n\t\t\t\t\t<style>\n\/* Input-Felder mit unscharfem Hintergrund *\/\n.immobilienangebot-kontakt .elementor-field {\n    background: rgba(255, 255, 255, 0.2); \/* Leicht transparente Hintergrundfarbe *\/\n    backdrop-filter: blur(40px); \/* Unsch\u00e4rfe-Effekt *\/\n    -webkit-backdrop-filter: blur(40px); \/* F\u00fcr Safari *\/\n    border: 1px solid rgba(255, 255, 255, 0.3); \/* Leichte Umrandung *\/\n    padding: 10px;\n    border-radius: 5px; \/* Abgerundete Ecken *\/\n    color: white; \/* Textfarbe *\/\n}\n\n\/* Fokus-Effekt f\u00fcr die Input-Felder *\/\n.immobilienangebot-kontakt .elementor-field:focus {\n    background: rgba(255, 255, 255, 0.4);\n    border-color: rgba(255, 255, 255, 0.6);\n}\n\n\/* Button mit unscharfem Hintergrund *\/\n.immobilienangebot-kontakt .elementor-button {\n    background: rgba(255, 255, 255, 0.2); \/* Leicht transparente Hintergrundfarbe *\/\n    backdrop-filter: blur(10px); \/* Unsch\u00e4rfe-Effekt *\/\n    -webkit-backdrop-filter: blur(10px); \/* F\u00fcr Safari *\/\n    border: 1px solid rgba(255, 255, 255, 0.3); \/* Leichte Umrandung *\/\n    padding: 12px 20px;\n    border-radius: 5px; \/* Abgerundete Ecken *\/\n    color: white; \/* Textfarbe *\/\n    cursor: pointer;\n    transition: background 0.3s ease, border-color 0.3s ease;\n}\n\n\/* Hover-Effekt f\u00fcr den Button *\/\n.immobilienangebot-kontakt .elementor-button:hover {\n    background: rgba(255, 255, 255, 0.4);\n    border-color: rgba(255, 255, 255, 0.6);\n}\n\n<\/style>\t\t\t\t<\/div>\n\t\t\t\t<\/div>\n\t\t\t\t<div class=\"elementor-element elementor-element-74b39a2 elementor-widget elementor-widget-text-editor\" data-id=\"74b39a2\" data-element_type=\"widget\" data-widget_type=\"text-editor.default\">\n\t\t\t\t<div class=\"elementor-widget-container\">\n\t\t\t\t\t\t\t\t\t<p>\u0646\u062d\u0646 \u0647\u0646\u0627 \u0645\u0646 \u0623\u062c\u0644\u0643<\/p>\t\t\t\t\t\t\t\t<\/div>\n\t\t\t\t<\/div>\n\t\t\t\t<div class=\"elementor-element elementor-element-503880f3 elementor-widget elementor-widget-heading\" data-id=\"503880f3\" data-element_type=\"widget\" data-widget_type=\"heading.default\">\n\t\t\t\t<div class=\"elementor-widget-container\">\n\t\t\t\t\t<h1 class=\"elementor-heading-title elementor-size-default\">\u0625\u062c\u0631\u0627\u0621 \u0627\u062a\u0635\u0627\u0644<\/h1>\t\t\t\t<\/div>\n\t\t\t\t<\/div>\n\t\t\t\t<div class=\"elementor-element elementor-element-44bebf93 elementor-widget elementor-widget-text-editor\" data-id=\"44bebf93\" data-element_type=\"widget\" data-widget_type=\"text-editor.default\">\n\t\t\t\t<div class=\"elementor-widget-container\">\n\t\t\t\t\t\t\t\t\t<p data-start=\"82\" data-end=\"162\">Sie m\u00f6chten Marktverst\u00e4ndnis und gezielten Zugang statt \u00f6ffentlicher Inserate?<\/p><p data-start=\"82\" data-end=\"162\">Nutzen Sie das Formular f\u00fcr eine unverbindliche Kontaktaufnahme \u2013 wir melden uns pers\u00f6nlich.<\/p>\t\t\t\t\t\t\t\t<\/div>\n\t\t\t\t<\/div>\n\t\t\t\t<div class=\"elementor-element elementor-element-fe1a7f6 immobilienangebot-kontakt elementor-button-align-stretch elementor-widget elementor-widget-form\" data-id=\"fe1a7f6\" data-element_type=\"widget\" data-settings=\"{&quot;step_next_label&quot;:&quot;Next&quot;,&quot;step_previous_label&quot;:&quot;Previous&quot;,&quot;button_width&quot;:&quot;50&quot;,&quot;step_type&quot;:&quot;number_text&quot;,&quot;step_icon_shape&quot;:&quot;circle&quot;}\" data-widget_type=\"form.default\">\n\t\t\t\t<div class=\"elementor-widget-container\">\n\t\t\t\t\t\t\t<form class=\"elementor-form\" method=\"post\" name=\"Kontakt Immobilienangebot\" action=\"\">\n\t\t\t<input type=\"hidden\" name=\"post_id\" value=\"180\"\/>\n\t\t\t<input type=\"hidden\" name=\"form_id\" value=\"fe1a7f6\"\/>\n\t\t\t<input type=\"hidden\" name=\"referer_title\" value=\"Kontakt - NewDimensionRealEstate\" \/>\n\n\t\t\t\t\t\t\t<input type=\"hidden\" name=\"queried_id\" value=\"180\"\/>\n\t\t\t\n\t\t\t<div class=\"elementor-form-fields-wrapper elementor-labels-above\">\n\t\t\t\t\t\t\t\t<div class=\"elementor-field-type-text elementor-field-group elementor-column elementor-field-group-name elementor-col-100 elementor-field-required elementor-mark-required\">\n\t\t\t\t\t\t\t\t\t\t\t\t\t<input size=\"1\" type=\"text\" name=\"form_fields[name]\" id=\"form-field-name\" class=\"elementor-field elementor-size-sm  elementor-field-textual\" placeholder=\"\u0627\u0633\u0645\" required=\"required\">\n\t\t\t\t\t\t\t\t\t\t\t<\/div>\n\t\t\t\t\t\t\t\t<div class=\"elementor-field-type-email elementor-field-group elementor-column elementor-field-group-email elementor-col-100 elementor-field-required elementor-mark-required\">\n\t\t\t\t\t\t\t\t\t\t\t\t\t<input size=\"1\" type=\"email\" name=\"form_fields[email]\" id=\"form-field-email\" class=\"elementor-field elementor-size-sm  elementor-field-textual\" placeholder=\"\u0628\u0631\u064a\u062f \u0625\u0644\u0643\u062a\u0631\u0648\u0646\u064a\" required=\"required\">\n\t\t\t\t\t\t\t\t\t\t\t<\/div>\n\t\t\t\t\t\t\t\t<div class=\"elementor-field-type-textarea elementor-field-group elementor-column elementor-field-group-message elementor-col-100\">\n\t\t\t\t\t<textarea class=\"elementor-field-textual elementor-field  elementor-size-sm\" name=\"form_fields[message]\" id=\"form-field-message\" rows=\"4\" placeholder=\"\u0631\u0633\u0627\u0644\u0629 \u0634\u062e\u0635\u064a\u0629\"><\/textarea>\t\t\t\t<\/div>\n\t\t\t\t\t\t\t\t<div class=\"elementor-field-type-hidden elementor-field-group elementor-column elementor-field-group-linkangebot elementor-col-100\">\n\t\t\t\t\t\t\t\t\t\t\t\t\t<input size=\"1\" type=\"hidden\" name=\"form_fields[linkangebot]\" id=\"form-field-linkangebot\" class=\"elementor-field elementor-size-sm  elementor-field-textual\">\n\t\t\t\t\t\t\t\t\t\t\t<\/div>\n\t\t\t\t\t\t\t\t<div class=\"elementor-field-group elementor-column elementor-field-type-submit elementor-col-50 e-form__buttons\">\n\t\t\t\t\t<button class=\"elementor-button elementor-size-sm\" type=\"submit\">\n\t\t\t\t\t\t<span class=\"elementor-button-content-wrapper\">\n\t\t\t\t\t\t\t\t\t\t\t\t\t\t\t\t\t\t\t\t\t\t<span class=\"elementor-button-text\">\u0625\u0631\u0633\u0627\u0644 \u0627\u0644\u0637\u0644\u0628<\/span>\n\t\t\t\t\t\t\t\t\t\t\t\t\t<\/span>\n\t\t\t\t\t<\/button>\n\t\t\t\t<\/div>\n\t\t\t<\/div>\n\t\t<input type=\"hidden\" name=\"trp-form-language\" value=\"ar\"\/><\/form>\n\t\t\t\t\t\t<\/div>\n\t\t\t\t<\/div>\n\t\t\t\t<\/div>\n\t\t\t\t\t<\/div>\n\t\t\t\t<\/div>\n\t\t\t\t<\/div>\n\t\t\t\t<\/div>","protected":false},"excerpt":{"rendered":"<p>Wir sind fu\u0308r Sie da Kontakt aufnehmen Sie m\u00f6chten Marktverst\u00e4ndnis und gezielten Zugang statt \u00f6ffentlicher Inserate? Nutzen Sie das Formular f\u00fcr eine unverbindliche Kontaktaufnahme \u2013 wir melden uns pers\u00f6nlich.<\/p>","protected":false},"author":1,"featured_media":0,"parent":0,"menu_order":0,"comment_status":"closed","ping_status":"closed","template":"elementor_header_footer","meta":{"_acf_changed":false,"footnotes":""},"class_list":["post-180","page","type-page","status-publish","hentry"],"acf":[],"yoast_head":"<!-- This site is optimized with the Yoast SEO plugin v26.8 - https:\/\/yoast.com\/product\/yoast-seo-wordpress\/ -->\n<title>Kontakt - NewDimensionRealEstate<\/title>\n<meta name=\"robots\" content=\"index, follow, max-snippet:-1, max-image-preview:large, max-video-preview:-1\" \/>\n<link rel=\"canonical\" href=\"https:\/\/newdimension-realestate.com\/ar\/\u0627\u062a\u0635\u0627\u0644\/\" \/>\n<meta property=\"og:locale\" content=\"ar_AR\" \/>\n<meta property=\"og:type\" content=\"article\" \/>\n<meta property=\"og:title\" content=\"Kontakt - NewDimensionRealEstate\" \/>\n<meta property=\"og:description\" content=\"Wir sind fu\u0308r Sie da Kontakt aufnehmen Sie m\u00f6chten Marktverst\u00e4ndnis und gezielten Zugang statt \u00f6ffentlicher Inserate? Nutzen Sie das Formular f\u00fcr eine unverbindliche Kontaktaufnahme \u2013 wir melden uns pers\u00f6nlich.\" \/>\n<meta property=\"og:url\" content=\"https:\/\/newdimension-realestate.com\/ar\/\u0627\u062a\u0635\u0627\u0644\/\" \/>\n<meta property=\"og:site_name\" content=\"NewDimensionRealEstate\" \/>\n<meta property=\"article:modified_time\" content=\"2026-02-01T22:00:32+00:00\" \/>\n<meta name=\"twitter:card\" content=\"summary_large_image\" \/>\n<meta name=\"twitter:label1\" content=\"\u0648\u0642\u062a \u0627\u0644\u0642\u0631\u0627\u0621\u0629 \u0627\u0644\u0645\u064f\u0642\u062f\u0651\u0631\" \/>\n\t<meta name=\"twitter:data1\" content=\"\u062f\u0642\u064a\u0642\u0629 \u0648\u0627\u062d\u062f\u0629\" \/>\n<script type=\"application\/ld+json\" class=\"yoast-schema-graph\">{\"@context\":\"https:\/\/schema.org\",\"@graph\":[{\"@type\":\"WebPage\",\"@id\":\"https:\/\/newdimension-realestate.com\/kontakt\/\",\"url\":\"https:\/\/newdimension-realestate.com\/kontakt\/\",\"name\":\"Kontakt - NewDimensionRealEstate\",\"isPartOf\":{\"@id\":\"https:\/\/newdimension-realestate.com\/#website\"},\"datePublished\":\"2025-02-26T11:03:54+00:00\",\"dateModified\":\"2026-02-01T22:00:32+00:00\",\"breadcrumb\":{\"@id\":\"https:\/\/newdimension-realestate.com\/kontakt\/#breadcrumb\"},\"inLanguage\":\"ar\",\"potentialAction\":[{\"@type\":\"ReadAction\",\"target\":[\"https:\/\/newdimension-realestate.com\/kontakt\/\"]}]},{\"@type\":\"BreadcrumbList\",\"@id\":\"https:\/\/newdimension-realestate.com\/kontakt\/#breadcrumb\",\"itemListElement\":[{\"@type\":\"ListItem\",\"position\":1,\"name\":\"Startseite\",\"item\":\"https:\/\/newdimension-realestate.com\/\"},{\"@type\":\"ListItem\",\"position\":2,\"name\":\"Kontakt\"}]},{\"@type\":\"WebSite\",\"@id\":\"https:\/\/newdimension-realestate.com\/#website\",\"url\":\"https:\/\/newdimension-realestate.com\/\",\"name\":\"NewDimensionRealEstate\",\"description\":\"\",\"publisher\":{\"@id\":\"https:\/\/newdimension-realestate.com\/#organization\"},\"potentialAction\":[{\"@type\":\"SearchAction\",\"target\":{\"@type\":\"EntryPoint\",\"urlTemplate\":\"https:\/\/newdimension-realestate.com\/?s={search_term_string}\"},\"query-input\":{\"@type\":\"PropertyValueSpecification\",\"valueRequired\":true,\"valueName\":\"search_term_string\"}}],\"inLanguage\":\"ar\"},{\"@type\":\"Organization\",\"@id\":\"https:\/\/newdimension-realestate.com\/#organization\",\"name\":\"NewDimensionRealEstate\",\"url\":\"https:\/\/newdimension-realestate.com\/\",\"logo\":{\"@type\":\"ImageObject\",\"inLanguage\":\"ar\",\"@id\":\"https:\/\/newdimension-realestate.com\/#\/schema\/logo\/image\/\",\"url\":\"https:\/\/newdimension-realestate.com\/wp-content\/uploads\/2025\/02\/Logo-NewDimensionRealEstate.webp\",\"contentUrl\":\"https:\/\/newdimension-realestate.com\/wp-content\/uploads\/2025\/02\/Logo-NewDimensionRealEstate.webp\",\"width\":1836,\"height\":290,\"caption\":\"NewDimensionRealEstate\"},\"image\":{\"@id\":\"https:\/\/newdimension-realestate.com\/#\/schema\/logo\/image\/\"}}]}<\/script>\n<!-- \/ Yoast SEO plugin. -->","yoast_head_json":{"title":"\u0627\u062a\u0635\u0644 \u0628\u0646\u0627 - NewDimensionRealEstate","robots":{"index":"index","follow":"follow","max-snippet":"max-snippet:-1","max-image-preview":"max-image-preview:large","max-video-preview":"max-video-preview:-1"},"canonical":"https:\/\/newdimension-realestate.com\/ar\/\u0627\u062a\u0635\u0627\u0644\/","og_locale":"ar_AR","og_type":"article","og_title":"Kontakt - NewDimensionRealEstate","og_description":"Wir sind fu\u0308r Sie da Kontakt aufnehmen Sie m\u00f6chten Marktverst\u00e4ndnis und gezielten Zugang statt \u00f6ffentlicher Inserate? Nutzen Sie das Formular f\u00fcr eine unverbindliche Kontaktaufnahme \u2013 wir melden uns pers\u00f6nlich.","og_url":"https:\/\/newdimension-realestate.com\/ar\/\u0627\u062a\u0635\u0627\u0644\/","og_site_name":"NewDimensionRealEstate","article_modified_time":"2026-02-01T22:00:32+00:00","twitter_card":"summary_large_image","twitter_misc":{"\u0648\u0642\u062a \u0627\u0644\u0642\u0631\u0627\u0621\u0629 \u0627\u0644\u0645\u064f\u0642\u062f\u0651\u0631":"\u062f\u0642\u064a\u0642\u0629 \u0648\u0627\u062d\u062f\u0629"},"schema":{"@context":"https:\/\/schema.org","@graph":[{"@type":"WebPage","@id":"https:\/\/newdimension-realestate.com\/kontakt\/","url":"https:\/\/newdimension-realestate.com\/kontakt\/","name":"\u0627\u062a\u0635\u0644 \u0628\u0646\u0627 - NewDimensionRealEstate","isPartOf":{"@id":"https:\/\/newdimension-realestate.com\/#website"},"datePublished":"2025-02-26T11:03:54+00:00","dateModified":"2026-02-01T22:00:32+00:00","breadcrumb":{"@id":"https:\/\/newdimension-realestate.com\/kontakt\/#breadcrumb"},"inLanguage":"ar","potentialAction":[{"@type":"ReadAction","target":["https:\/\/newdimension-realestate.com\/kontakt\/"]}]},{"@type":"BreadcrumbList","@id":"https:\/\/newdimension-realestate.com\/kontakt\/#breadcrumb","itemListElement":[{"@type":"ListItem","position":1,"name":"Startseite","item":"https:\/\/newdimension-realestate.com\/"},{"@type":"ListItem","position":2,"name":"Kontakt"}]},{"@type":"WebSite","@id":"https:\/\/newdimension-realestate.com\/#website","url":"https:\/\/newdimension-realestate.com\/","name":"\u0646\u064a\u0648\u062f\u064a\u0645\u0646\u0634\u0646 \u0644\u0644\u0639\u0642\u0627\u0631\u0627\u062a","description":"","publisher":{"@id":"https:\/\/newdimension-realestate.com\/#organization"},"potentialAction":[{"@type":"SearchAction","target":{"@type":"EntryPoint","urlTemplate":"https:\/\/newdimension-realestate.com\/?s={search_term_string}"},"query-input":{"@type":"PropertyValueSpecification","valueRequired":true,"valueName":"search_term_string"}}],"inLanguage":"ar"},{"@type":"Organization","@id":"https:\/\/newdimension-realestate.com\/#organization","name":"\u0646\u064a\u0648\u062f\u064a\u0645\u0646\u0634\u0646 \u0644\u0644\u0639\u0642\u0627\u0631\u0627\u062a","url":"https:\/\/newdimension-realestate.com\/","logo":{"@type":"ImageObject","inLanguage":"ar","@id":"https:\/\/newdimension-realestate.com\/#\/schema\/logo\/image\/","url":"https:\/\/newdimension-realestate.com\/wp-content\/uploads\/2025\/02\/Logo-NewDimensionRealEstate.webp","contentUrl":"https:\/\/newdimension-realestate.com\/wp-content\/uploads\/2025\/02\/Logo-NewDimensionRealEstate.webp","width":1836,"height":290,"caption":"NewDimensionRealEstate"},"image":{"@id":"https:\/\/newdimension-realestate.com\/#\/schema\/logo\/image\/"}}]}},"_links":{"self":[{"href":"https:\/\/newdimension-realestate.com\/ar\/wp-json\/wp\/v2\/pages\/180","targetHints":{"allow":["GET"]}}],"collection":[{"href":"https:\/\/newdimension-realestate.com\/ar\/wp-json\/wp\/v2\/pages"}],"about":[{"href":"https:\/\/newdimension-realestate.com\/ar\/wp-json\/wp\/v2\/types\/page"}],"author":[{"embeddable":true,"href":"https:\/\/newdimension-realestate.com\/ar\/wp-json\/wp\/v2\/users\/1"}],"replies":[{"embeddable":true,"href":"https:\/\/newdimension-realestate.com\/ar\/wp-json\/wp\/v2\/comments?post=180"}],"version-history":[{"count":52,"href":"https:\/\/newdimension-realestate.com\/ar\/wp-json\/wp\/v2\/pages\/180\/revisions"}],"predecessor-version":[{"id":11676,"href":"https:\/\/newdimension-realestate.com\/ar\/wp-json\/wp\/v2\/pages\/180\/revisions\/11676"}],"wp:attachment":[{"href":"https:\/\/newdimension-realestate.com\/ar\/wp-json\/wp\/v2\/media?parent=180"}],"curies":[{"name":"wp","href":"https:\/\/api.w.org\/{rel}","templated":true}]}}