{"id":1061,"date":"2025-03-06T13:06:27","date_gmt":"2025-03-06T13:06:27","guid":{"rendered":"https:\/\/newdimension-realestate.com\/?page_id=1061"},"modified":"2025-03-17T09:50:43","modified_gmt":"2025-03-17T09:50:43","slug":"%d8%a8%d8%b5%d9%85%d8%a9","status":"publish","type":"page","link":"https:\/\/newdimension-realestate.com\/ar\/%d8%a8%d8%b5%d9%85%d8%a9\/","title":{"rendered":"\u0628\u0635\u0645\u0629"},"content":{"rendered":"<div data-elementor-type=\"wp-page\" data-elementor-id=\"1061\" class=\"elementor elementor-1061\" data-elementor-post-type=\"page\">\n\t\t\t\t<div class=\"elementor-element elementor-element-59b009d e-con-full e-flex e-con e-parent\" data-id=\"59b009d\" data-element_type=\"container\">\n\t\t<div class=\"elementor-element elementor-element-9d76820 e-flex e-con-boxed e-con e-child\" data-id=\"9d76820\" data-element_type=\"container\">\n\t\t\t\t\t<div class=\"e-con-inner\">\n\t\t\t\t<div class=\"elementor-element elementor-element-e3dfba3 elementor-invisible elementor-widget elementor-widget-heading\" data-id=\"e3dfba3\" data-element_type=\"widget\" data-settings=\"{&quot;_animation&quot;:&quot;fadeInUp&quot;}\" data-widget_type=\"heading.default\">\n\t\t\t\t<div class=\"elementor-widget-container\">\n\t\t\t\t\t<h1 class=\"elementor-heading-title elementor-size-default\">\u0628\u0635\u0645\u0629<\/h1>\t\t\t\t<\/div>\n\t\t\t\t<\/div>\n\t\t\t\t<div class=\"elementor-element elementor-element-bcd9219 elementor-invisible elementor-widget elementor-widget-text-editor\" data-id=\"bcd9219\" data-element_type=\"widget\" data-settings=\"{&quot;_animation&quot;:&quot;fadeInUp&quot;}\" data-widget_type=\"text-editor.default\">\n\t\t\t\t<div class=\"elementor-widget-container\">\n\t\t\t\t\t\t\t\t\t<p>\u0634\u0631\u0643\u0629 \u0646\u064a\u0648 \u062f\u0627\u064a\u0645\u0646\u0634\u0646 \u0644\u0644\u0639\u0642\u0627\u0631\u0627\u062a<br>\u0634\u0627\u0631\u0639 \u0628\u0627\u0632\u0644\u0631 3 <br>61352 \u0628\u0627\u062f \u0647\u0648\u0645\u0628\u0648\u0631\u063a vd H\u00f6he<\/p>\n<p>\u0647\u0627\u062a\u0641: <a href=\"tel: +491774821945\">+49 (0) 177 4821945<\/a> <br>\u0628\u0631\u064a\u062f \u0625\u0644\u0643\u062a\u0631\u0648\u0646\u064a: <a class=\"linkified\" href=\"mailto:info@newdimension-realestate.com\">info@newdimension-realestate.com<\/a> <br>\u0645\u0648\u0642\u0639 \u0625\u0644\u0643\u062a\u0631\u0648\u0646\u064a: <a class=\"linkified\" href=\"https:\/\/newdimension-realestate.com\/ar\/\" target=\"_blank\" rel=\"noopener\">www.newdimension-realestate.com<\/a><\/p>\n<p>\u0627\u0644\u0633\u062c\u0644 \u0627\u0644\u062a\u062c\u0627\u0631\u064a: \u0645\u062d\u0643\u0645\u0629 \u0645\u0642\u0627\u0637\u0639\u0629 \u0628\u0627\u062f \u0647\u0648\u0645\u0628\u0648\u0631\u063a vdH\u00f6he <br>\u0631\u0642\u0645 \u0627\u0644\u0633\u062c\u0644 \u0627\u0644\u062a\u062c\u0627\u0631\u064a: HRB 16224<\/p>\n<p>\u0627\u0644\u0645\u062f\u064a\u0631 \u0627\u0644\u0625\u062f\u0627\u0631\u064a: \u062a\u0627\u062a\u064a\u0627\u0646\u0627 \u0633\u0627\u062f\u0648\u062c\u0627 <\/p>\n<p>\u0627\u0644\u0625\u0630\u0646 \u0648\u0641\u0642\u064b\u0627 \u0644\u0644\u0645\u0627\u062f\u0629 34\u062c \u0645\u0646 \u0644\u0648\u0627\u0626\u062d \u0627\u0644\u062a\u062c\u0627\u0631\u0629 \u0627\u0644\u0645\u0645\u0646\u0648\u062d \u0645\u0646 \u0642\u0628\u0644 Hochtaunuskreis-Kreisauschuss Bad Homburg vd H\u00f6he<\/p>\n<p>\u0627\u0644\u0633\u0644\u0637\u0629 \u0627\u0644\u0625\u0634\u0631\u0627\u0641\u064a\u0629 \u0627\u0644\u0645\u0633\u0624\u0648\u0644\u0629 Hochtaunuskreis- \u0644\u062c\u0646\u0629 \u0627\u0644\u0645\u0646\u0637\u0642\u0629 Ludwig-Erhard-Anlage 1-5\u060c 61352 Bad Homburg vor der H\u00f6he<\/p>\n<p>\u0645\u0639\u0631\u0641 \u0636\u0631\u064a\u0628\u0629 \u0627\u0644\u0642\u064a\u0645\u0629 \u0627\u0644\u0645\u0636\u0627\u0641\u0629: DE363406477 <\/p>\n<p>\u0645\u0639\u0644\u0648\u0645\u0627\u062a \u0627\u0644\u0645\u0633\u062a\u0647\u0644\u0643 \u0628\u0634\u0623\u0646 \u062d\u0644 \u0627\u0644\u0646\u0632\u0627\u0639\u0627\u062a \u0639\u0628\u0631 \u0627\u0644\u0625\u0646\u062a\u0631\u0646\u062a \u0648\u0641\u0642\u064b\u0627 \u0644\u0644\u0645\u0627\u062f\u0629 11 \u0645\u0646 \u0644\u0627\u0626\u062d\u0629 \u062d\u0645\u0627\u064a\u0629 \u0627\u0644\u0628\u064a\u0627\u0646\u0627\u062a \u0627\u0644\u0639\u0627\u0645\u0629. 14 (1) ODR-VO: <br>\u062a\u0648\u0641\u0631 \u0627\u0644\u0645\u0641\u0648\u0636\u064a\u0629 \u0627\u0644\u0623\u0648\u0631\u0648\u0628\u064a\u0629 \u0645\u0646\u0635\u0629 \u0644\u062d\u0644 \u0627\u0644\u0646\u0632\u0627\u0639\u0627\u062a \u0639\u0628\u0631 \u0627\u0644\u0625\u0646\u062a\u0631\u0646\u062a (ODR)\u060c \u0648\u0627\u0644\u062a\u064a \u064a\u0645\u0643\u0646\u0643 \u0627\u0644\u0639\u062b\u0648\u0631 \u0639\u0644\u064a\u0647\u0627 \u0647\u0646\u0627: <a class=\"linkified\" href=\"http:\/\/ec.europa.eu\/consumers\/odr\" target=\"_blank\" rel=\"noopener\">http:\/\/ec.europa.eu\/consumers\/odr<\/a><\/p>\t\t\t\t\t\t\t\t<\/div>\n\t\t\t\t<\/div>\n\t\t\t\t\t<\/div>\n\t\t\t\t<\/div>\n\t\t\t\t<\/div>\n\t\t\t\t<\/div>","protected":false},"excerpt":{"rendered":"<p>Impressum New Dimension Real Estate GmbHBasler Stra\u00dfe 3 61352 Bad Homburg v.d. H\u00f6he Telefon: +49 (0) 177 4821945 Email: info@newdimension-realestate.com Webseite: www.newdimension-realestate.com Handelsregister: Amtsgericht Bad Homburg v.d.H\u00f6he Handelsregisternummer: HRB 16224 Gesch\u00e4ftsf\u00fchrerin: Tatjana Sadoja Erlaubnis nach \u00a734c der Gewerbeordnung erteilt durch den Hochtaunuskreis- Kreisauschuss Bad Homburg v.d. H\u00f6he Zust\u00e4ndige Aufsichtsbeh\u00f6rde Hochtaunuskreis- Der Kreisausschuss Ludwig-Erhard-Anlage 1-5, 61352 [&hellip;]<\/p>","protected":false},"author":1,"featured_media":0,"parent":0,"menu_order":0,"comment_status":"closed","ping_status":"open","template":"elementor_header_footer","meta":{"_acf_changed":false,"footnotes":""},"class_list":["post-1061","page","type-page","status-publish","hentry"],"acf":[],"yoast_head":"<!-- This site is optimized with the Yoast SEO plugin v26.8 - https:\/\/yoast.com\/product\/yoast-seo-wordpress\/ -->\n<title>Impressum - NewDimensionRealEstate<\/title>\n<meta name=\"robots\" content=\"index, follow, max-snippet:-1, max-image-preview:large, max-video-preview:-1\" \/>\n<link rel=\"canonical\" href=\"https:\/\/newdimension-realestate.com\/ar\/\u0628\u0635\u0645\u0629\/\" \/>\n<meta property=\"og:locale\" content=\"ar_AR\" \/>\n<meta property=\"og:type\" content=\"article\" \/>\n<meta property=\"og:title\" content=\"Impressum - NewDimensionRealEstate\" \/>\n<meta property=\"og:description\" content=\"Impressum New Dimension Real Estate GmbHBasler Stra\u00dfe 3 61352 Bad Homburg v.d. H\u00f6he Telefon: +49 (0) 177 4821945 Email: info@newdimension-realestate.com Webseite: www.newdimension-realestate.com Handelsregister: Amtsgericht Bad Homburg v.d.H\u00f6he Handelsregisternummer: HRB 16224 Gesch\u00e4ftsf\u00fchrerin: Tatjana Sadoja Erlaubnis nach \u00a734c der Gewerbeordnung erteilt durch den Hochtaunuskreis- Kreisauschuss Bad Homburg v.d. H\u00f6he Zust\u00e4ndige Aufsichtsbeh\u00f6rde Hochtaunuskreis- Der Kreisausschuss Ludwig-Erhard-Anlage 1-5, 61352 [&hellip;]\" \/>\n<meta property=\"og:url\" content=\"https:\/\/newdimension-realestate.com\/ar\/\u0628\u0635\u0645\u0629\/\" \/>\n<meta property=\"og:site_name\" content=\"NewDimensionRealEstate\" \/>\n<meta property=\"article:modified_time\" content=\"2025-03-17T09:50:43+00:00\" \/>\n<meta name=\"twitter:card\" content=\"summary_large_image\" \/>\n<script type=\"application\/ld+json\" class=\"yoast-schema-graph\">{\"@context\":\"https:\/\/schema.org\",\"@graph\":[{\"@type\":\"WebPage\",\"@id\":\"https:\/\/newdimension-realestate.com\/impressum\/\",\"url\":\"https:\/\/newdimension-realestate.com\/impressum\/\",\"name\":\"Impressum - NewDimensionRealEstate\",\"isPartOf\":{\"@id\":\"https:\/\/newdimension-realestate.com\/#website\"},\"datePublished\":\"2025-03-06T13:06:27+00:00\",\"dateModified\":\"2025-03-17T09:50:43+00:00\",\"breadcrumb\":{\"@id\":\"https:\/\/newdimension-realestate.com\/impressum\/#breadcrumb\"},\"inLanguage\":\"ar\",\"potentialAction\":[{\"@type\":\"ReadAction\",\"target\":[\"https:\/\/newdimension-realestate.com\/impressum\/\"]}]},{\"@type\":\"BreadcrumbList\",\"@id\":\"https:\/\/newdimension-realestate.com\/impressum\/#breadcrumb\",\"itemListElement\":[{\"@type\":\"ListItem\",\"position\":1,\"name\":\"Startseite\",\"item\":\"https:\/\/newdimension-realestate.com\/\"},{\"@type\":\"ListItem\",\"position\":2,\"name\":\"Impressum\"}]},{\"@type\":\"WebSite\",\"@id\":\"https:\/\/newdimension-realestate.com\/#website\",\"url\":\"https:\/\/newdimension-realestate.com\/\",\"name\":\"NewDimensionRealEstate\",\"description\":\"\",\"publisher\":{\"@id\":\"https:\/\/newdimension-realestate.com\/#organization\"},\"potentialAction\":[{\"@type\":\"SearchAction\",\"target\":{\"@type\":\"EntryPoint\",\"urlTemplate\":\"https:\/\/newdimension-realestate.com\/?s={search_term_string}\"},\"query-input\":{\"@type\":\"PropertyValueSpecification\",\"valueRequired\":true,\"valueName\":\"search_term_string\"}}],\"inLanguage\":\"ar\"},{\"@type\":\"Organization\",\"@id\":\"https:\/\/newdimension-realestate.com\/#organization\",\"name\":\"NewDimensionRealEstate\",\"url\":\"https:\/\/newdimension-realestate.com\/\",\"logo\":{\"@type\":\"ImageObject\",\"inLanguage\":\"ar\",\"@id\":\"https:\/\/newdimension-realestate.com\/#\/schema\/logo\/image\/\",\"url\":\"https:\/\/newdimension-realestate.com\/wp-content\/uploads\/2025\/02\/Logo-NewDimensionRealEstate.webp\",\"contentUrl\":\"https:\/\/newdimension-realestate.com\/wp-content\/uploads\/2025\/02\/Logo-NewDimensionRealEstate.webp\",\"width\":1836,\"height\":290,\"caption\":\"NewDimensionRealEstate\"},\"image\":{\"@id\":\"https:\/\/newdimension-realestate.com\/#\/schema\/logo\/image\/\"}}]}<\/script>\n<!-- \/ Yoast SEO plugin. -->","yoast_head_json":{"title":"\u0628\u0635\u0645\u0629 - \u0646\u064a\u0648\u062f\u064a\u0645\u064a\u0646\u0634\u0646 \u0644\u0644\u0639\u0642\u0627\u0631\u0627\u062a","robots":{"index":"index","follow":"follow","max-snippet":"max-snippet:-1","max-image-preview":"max-image-preview:large","max-video-preview":"max-video-preview:-1"},"canonical":"https:\/\/newdimension-realestate.com\/ar\/\u0628\u0635\u0645\u0629\/","og_locale":"ar_AR","og_type":"article","og_title":"Impressum - NewDimensionRealEstate","og_description":"Impressum New Dimension Real Estate GmbHBasler Stra\u00dfe 3 61352 Bad Homburg v.d. H\u00f6he Telefon: +49 (0) 177 4821945 Email: info@newdimension-realestate.com Webseite: www.newdimension-realestate.com Handelsregister: Amtsgericht Bad Homburg v.d.H\u00f6he Handelsregisternummer: HRB 16224 Gesch\u00e4ftsf\u00fchrerin: Tatjana Sadoja Erlaubnis nach \u00a734c der Gewerbeordnung erteilt durch den Hochtaunuskreis- Kreisauschuss Bad Homburg v.d. H\u00f6he Zust\u00e4ndige Aufsichtsbeh\u00f6rde Hochtaunuskreis- Der Kreisausschuss Ludwig-Erhard-Anlage 1-5, 61352 [&hellip;]","og_url":"https:\/\/newdimension-realestate.com\/ar\/\u0628\u0635\u0645\u0629\/","og_site_name":"NewDimensionRealEstate","article_modified_time":"2025-03-17T09:50:43+00:00","twitter_card":"summary_large_image","schema":{"@context":"https:\/\/schema.org","@graph":[{"@type":"WebPage","@id":"https:\/\/newdimension-realestate.com\/impressum\/","url":"https:\/\/newdimension-realestate.com\/impressum\/","name":"\u0628\u0635\u0645\u0629 - \u0646\u064a\u0648\u062f\u064a\u0645\u064a\u0646\u0634\u0646 \u0644\u0644\u0639\u0642\u0627\u0631\u0627\u062a","isPartOf":{"@id":"https:\/\/newdimension-realestate.com\/#website"},"datePublished":"2025-03-06T13:06:27+00:00","dateModified":"2025-03-17T09:50:43+00:00","breadcrumb":{"@id":"https:\/\/newdimension-realestate.com\/impressum\/#breadcrumb"},"inLanguage":"ar","potentialAction":[{"@type":"ReadAction","target":["https:\/\/newdimension-realestate.com\/impressum\/"]}]},{"@type":"BreadcrumbList","@id":"https:\/\/newdimension-realestate.com\/impressum\/#breadcrumb","itemListElement":[{"@type":"ListItem","position":1,"name":"Startseite","item":"https:\/\/newdimension-realestate.com\/"},{"@type":"ListItem","position":2,"name":"Impressum"}]},{"@type":"WebSite","@id":"https:\/\/newdimension-realestate.com\/#website","url":"https:\/\/newdimension-realestate.com\/","name":"\u0646\u064a\u0648\u062f\u064a\u0645\u0646\u0634\u0646 \u0644\u0644\u0639\u0642\u0627\u0631\u0627\u062a","description":"","publisher":{"@id":"https:\/\/newdimension-realestate.com\/#organization"},"potentialAction":[{"@type":"SearchAction","target":{"@type":"EntryPoint","urlTemplate":"https:\/\/newdimension-realestate.com\/?s={search_term_string}"},"query-input":{"@type":"PropertyValueSpecification","valueRequired":true,"valueName":"search_term_string"}}],"inLanguage":"ar"},{"@type":"Organization","@id":"https:\/\/newdimension-realestate.com\/#organization","name":"\u0646\u064a\u0648\u062f\u064a\u0645\u0646\u0634\u0646 \u0644\u0644\u0639\u0642\u0627\u0631\u0627\u062a","url":"https:\/\/newdimension-realestate.com\/","logo":{"@type":"ImageObject","inLanguage":"ar","@id":"https:\/\/newdimension-realestate.com\/#\/schema\/logo\/image\/","url":"https:\/\/newdimension-realestate.com\/wp-content\/uploads\/2025\/02\/Logo-NewDimensionRealEstate.webp","contentUrl":"https:\/\/newdimension-realestate.com\/wp-content\/uploads\/2025\/02\/Logo-NewDimensionRealEstate.webp","width":1836,"height":290,"caption":"NewDimensionRealEstate"},"image":{"@id":"https:\/\/newdimension-realestate.com\/#\/schema\/logo\/image\/"}}]}},"_links":{"self":[{"href":"https:\/\/newdimension-realestate.com\/ar\/wp-json\/wp\/v2\/pages\/1061","targetHints":{"allow":["GET"]}}],"collection":[{"href":"https:\/\/newdimension-realestate.com\/ar\/wp-json\/wp\/v2\/pages"}],"about":[{"href":"https:\/\/newdimension-realestate.com\/ar\/wp-json\/wp\/v2\/types\/page"}],"author":[{"embeddable":true,"href":"https:\/\/newdimension-realestate.com\/ar\/wp-json\/wp\/v2\/users\/1"}],"replies":[{"embeddable":true,"href":"https:\/\/newdimension-realestate.com\/ar\/wp-json\/wp\/v2\/comments?post=1061"}],"version-history":[{"count":25,"href":"https:\/\/newdimension-realestate.com\/ar\/wp-json\/wp\/v2\/pages\/1061\/revisions"}],"predecessor-version":[{"id":6615,"href":"https:\/\/newdimension-realestate.com\/ar\/wp-json\/wp\/v2\/pages\/1061\/revisions\/6615"}],"wp:attachment":[{"href":"https:\/\/newdimension-realestate.com\/ar\/wp-json\/wp\/v2\/media?parent=1061"}],"curies":[{"name":"wp","href":"https:\/\/api.w.org\/{rel}","templated":true}]}}